{"id":1684,"date":"2023-12-05T15:04:14","date_gmt":"2023-12-05T18:04:14","guid":{"rendered":"https:\/\/sbeneditosalto.com.br\/?page_id=1684"},"modified":"2024-01-11T17:20:29","modified_gmt":"2024-01-11T20:20:29","slug":"colabore","status":"publish","type":"page","link":"https:\/\/sbeneditosalto.com.br\/index.php\/colabore\/","title":{"rendered":"Colabore com a Paroquia S\u00e3o Benedito"},"content":{"rendered":"\t\t<div data-elementor-type=\"wp-page\" data-elementor-id=\"1684\" class=\"elementor elementor-1684\">\n\t\t\t\t\t\t\t<div class=\"elementor-element elementor-element-ef0d19b e-flex e-con-boxed e-con e-parent\" data-id=\"ef0d19b\" data-element_type=\"container\" data-settings=\"{&quot;content_width&quot;:&quot;boxed&quot;}\" data-core-v316-plus=\"true\">\n\t\t\t\t\t<div class=\"e-con-inner\">\n\t\t\t\t<div class=\"elementor-element elementor-element-a18e821 elementor-widget elementor-widget-heading\" data-id=\"a18e821\" data-element_type=\"widget\" data-widget_type=\"heading.default\">\n\t\t\t\t<div class=\"elementor-widget-container\">\n\t\t\t<style>\/*! elementor - v3.16.0 - 17-10-2023 *\/\n.elementor-heading-title{padding:0;margin:0;line-height:1}.elementor-widget-heading .elementor-heading-title[class*=elementor-size-]>a{color:inherit;font-size:inherit;line-height:inherit}.elementor-widget-heading .elementor-heading-title.elementor-size-small{font-size:15px}.elementor-widget-heading .elementor-heading-title.elementor-size-medium{font-size:19px}.elementor-widget-heading .elementor-heading-title.elementor-size-large{font-size:29px}.elementor-widget-heading .elementor-heading-title.elementor-size-xl{font-size:39px}.elementor-widget-heading .elementor-heading-title.elementor-size-xxl{font-size:59px}<\/style><h2 class=\"elementor-heading-title elementor-size-default\">Maneiras de colaborar<\/h2>\t\t<\/div>\n\t\t\t\t<\/div>\n\t\t\t\t\t<\/div>\n\t\t\t\t<\/div>\n\t\t<div class=\"elementor-element elementor-element-e9e0c94 e-flex e-con-boxed e-con e-parent\" data-id=\"e9e0c94\" data-element_type=\"container\" data-settings=\"{&quot;content_width&quot;:&quot;boxed&quot;}\" data-core-v316-plus=\"true\">\n\t\t\t\t\t<div class=\"e-con-inner\">\n\t\t\t\t<div class=\"elementor-element elementor-element-f8a2647 elementor-widget elementor-widget-text-editor\" data-id=\"f8a2647\" data-element_type=\"widget\" data-widget_type=\"text-editor.default\">\n\t\t\t\t<div class=\"elementor-widget-container\">\n\t\t\t<style>\/*! elementor - v3.16.0 - 17-10-2023 *\/\n.elementor-widget-text-editor.elementor-drop-cap-view-stacked .elementor-drop-cap{background-color:#69727d;color:#fff}.elementor-widget-text-editor.elementor-drop-cap-view-framed .elementor-drop-cap{color:#69727d;border:3px solid;background-color:transparent}.elementor-widget-text-editor:not(.elementor-drop-cap-view-default) .elementor-drop-cap{margin-top:8px}.elementor-widget-text-editor:not(.elementor-drop-cap-view-default) .elementor-drop-cap-letter{width:1em;height:1em}.elementor-widget-text-editor .elementor-drop-cap{float:left;text-align:center;line-height:1;font-size:50px}.elementor-widget-text-editor .elementor-drop-cap-letter{display:inline-block}<\/style>\t\t\t\t<p><strong>Torne-se um dizimista, \u00c9 simples basta seguir os passos abaixo:<\/strong><\/p>\t\t\t\t\t\t<\/div>\n\t\t\t\t<\/div>\n\t\t\t\t\t<\/div>\n\t\t\t\t<\/div>\n\t\t<div class=\"elementor-element elementor-element-df0af4c e-flex e-con-boxed e-con e-parent\" data-id=\"df0af4c\" data-element_type=\"container\" data-settings=\"{&quot;content_width&quot;:&quot;boxed&quot;}\" data-core-v316-plus=\"true\">\n\t\t\t\t\t<div class=\"e-con-inner\">\n\t\t<div class=\"elementor-element elementor-element-5759e64 e-con-full e-flex e-con e-child\" data-id=\"5759e64\" data-element_type=\"container\" data-settings=\"{&quot;content_width&quot;:&quot;full&quot;}\">\n\t\t\t\t<div class=\"elementor-element elementor-element-3876f5d elementor-widget elementor-widget-image\" data-id=\"3876f5d\" data-element_type=\"widget\" data-widget_type=\"image.default\">\n\t\t\t\t<div class=\"elementor-widget-container\">\n\t\t\t<style>\/*! elementor - v3.16.0 - 17-10-2023 *\/\n.elementor-widget-image{text-align:center}.elementor-widget-image a{display:inline-block}.elementor-widget-image a img[src$=\".svg\"]{width:48px}.elementor-widget-image img{vertical-align:middle;display:inline-block}<\/style>\t\t\t\t\t\t\t\t\t\t\t\t<img decoding=\"async\" loading=\"lazy\" width=\"819\" height=\"1024\" src=\"https:\/\/sbeneditosalto.com.br\/wp-content\/uploads\/2023\/12\/Projeto-DIZIMO-PROPAGANDA-P1-819x1024.png\" class=\"attachment-large size-large wp-image-1694\" alt=\"\" srcset=\"https:\/\/sbeneditosalto.com.br\/wp-content\/uploads\/2023\/12\/Projeto-DIZIMO-PROPAGANDA-P1-819x1024.png 819w, https:\/\/sbeneditosalto.com.br\/wp-content\/uploads\/2023\/12\/Projeto-DIZIMO-PROPAGANDA-P1-240x300.png 240w, https:\/\/sbeneditosalto.com.br\/wp-content\/uploads\/2023\/12\/Projeto-DIZIMO-PROPAGANDA-P1-768x960.png 768w, https:\/\/sbeneditosalto.com.br\/wp-content\/uploads\/2023\/12\/Projeto-DIZIMO-PROPAGANDA-P1.png 1080w\" sizes=\"(max-width: 819px) 100vw, 819px\" \/>\t\t\t\t\t\t\t\t\t\t\t\t\t\t\t<\/div>\n\t\t\t\t<\/div>\n\t\t\t\t<\/div>\n\t\t<div class=\"elementor-element elementor-element-42f03d9 e-con-full e-flex e-con e-child\" data-id=\"42f03d9\" data-element_type=\"container\" data-settings=\"{&quot;content_width&quot;:&quot;full&quot;}\">\n\t\t\t\t<div class=\"elementor-element elementor-element-cb556c2 elementor-widget elementor-widget-image\" data-id=\"cb556c2\" data-element_type=\"widget\" data-widget_type=\"image.default\">\n\t\t\t\t<div class=\"elementor-widget-container\">\n\t\t\t\t\t\t\t\t\t\t\t\t\t\t\t<img decoding=\"async\" loading=\"lazy\" width=\"819\" height=\"1024\" src=\"https:\/\/sbeneditosalto.com.br\/wp-content\/uploads\/2023\/12\/Projeto-DIZIMO-PROPAGANDA-P2-819x1024.png\" class=\"attachment-large size-large wp-image-1695\" alt=\"\" srcset=\"https:\/\/sbeneditosalto.com.br\/wp-content\/uploads\/2023\/12\/Projeto-DIZIMO-PROPAGANDA-P2-819x1024.png 819w, https:\/\/sbeneditosalto.com.br\/wp-content\/uploads\/2023\/12\/Projeto-DIZIMO-PROPAGANDA-P2-240x300.png 240w, https:\/\/sbeneditosalto.com.br\/wp-content\/uploads\/2023\/12\/Projeto-DIZIMO-PROPAGANDA-P2-768x960.png 768w, https:\/\/sbeneditosalto.com.br\/wp-content\/uploads\/2023\/12\/Projeto-DIZIMO-PROPAGANDA-P2.png 1080w\" sizes=\"(max-width: 819px) 100vw, 819px\" \/>\t\t\t\t\t\t\t\t\t\t\t\t\t\t\t<\/div>\n\t\t\t\t<\/div>\n\t\t\t\t<\/div>\n\t\t<div class=\"elementor-element elementor-element-ea069ff e-con-full e-flex e-con e-child\" data-id=\"ea069ff\" data-element_type=\"container\" data-settings=\"{&quot;content_width&quot;:&quot;full&quot;}\">\n\t\t\t\t<div class=\"elementor-element elementor-element-2878954 elementor-widget elementor-widget-image\" data-id=\"2878954\" data-element_type=\"widget\" data-widget_type=\"image.default\">\n\t\t\t\t<div class=\"elementor-widget-container\">\n\t\t\t\t\t\t\t\t\t\t\t\t\t\t\t<img decoding=\"async\" loading=\"lazy\" width=\"819\" height=\"1024\" src=\"https:\/\/sbeneditosalto.com.br\/wp-content\/uploads\/2023\/12\/Projeto-DIZIMO-PROPAGANDA-P3-819x1024.png\" class=\"attachment-large size-large wp-image-1696\" alt=\"\" srcset=\"https:\/\/sbeneditosalto.com.br\/wp-content\/uploads\/2023\/12\/Projeto-DIZIMO-PROPAGANDA-P3-819x1024.png 819w, https:\/\/sbeneditosalto.com.br\/wp-content\/uploads\/2023\/12\/Projeto-DIZIMO-PROPAGANDA-P3-240x300.png 240w, https:\/\/sbeneditosalto.com.br\/wp-content\/uploads\/2023\/12\/Projeto-DIZIMO-PROPAGANDA-P3-768x960.png 768w, https:\/\/sbeneditosalto.com.br\/wp-content\/uploads\/2023\/12\/Projeto-DIZIMO-PROPAGANDA-P3.png 1080w\" sizes=\"(max-width: 819px) 100vw, 819px\" \/>\t\t\t\t\t\t\t\t\t\t\t\t\t\t\t<\/div>\n\t\t\t\t<\/div>\n\t\t\t\t<\/div>\n\t\t<div class=\"elementor-element elementor-element-dae18ae e-con-full e-flex e-con e-child\" data-id=\"dae18ae\" data-element_type=\"container\" data-settings=\"{&quot;content_width&quot;:&quot;full&quot;}\">\n\t\t\t\t<div class=\"elementor-element elementor-element-e5e2382 elementor-widget elementor-widget-image\" data-id=\"e5e2382\" data-element_type=\"widget\" data-widget_type=\"image.default\">\n\t\t\t\t<div class=\"elementor-widget-container\">\n\t\t\t\t\t\t\t\t\t\t\t\t\t\t\t<img decoding=\"async\" loading=\"lazy\" width=\"819\" height=\"1024\" src=\"https:\/\/sbeneditosalto.com.br\/wp-content\/uploads\/2023\/12\/Projeto-DIZIMO-PROPAGANDA-P4-819x1024.png\" class=\"attachment-large size-large wp-image-1697\" alt=\"\" srcset=\"https:\/\/sbeneditosalto.com.br\/wp-content\/uploads\/2023\/12\/Projeto-DIZIMO-PROPAGANDA-P4-819x1024.png 819w, https:\/\/sbeneditosalto.com.br\/wp-content\/uploads\/2023\/12\/Projeto-DIZIMO-PROPAGANDA-P4-240x300.png 240w, https:\/\/sbeneditosalto.com.br\/wp-content\/uploads\/2023\/12\/Projeto-DIZIMO-PROPAGANDA-P4-768x960.png 768w, https:\/\/sbeneditosalto.com.br\/wp-content\/uploads\/2023\/12\/Projeto-DIZIMO-PROPAGANDA-P4.png 1080w\" sizes=\"(max-width: 819px) 100vw, 819px\" \/>\t\t\t\t\t\t\t\t\t\t\t\t\t\t\t<\/div>\n\t\t\t\t<\/div>\n\t\t\t\t<\/div>\n\t\t\t\t\t<\/div>\n\t\t\t\t<\/div>\n\t\t<div class=\"elementor-element elementor-element-5f0cd39 e-flex e-con-boxed e-con e-parent\" data-id=\"5f0cd39\" data-element_type=\"container\" data-settings=\"{&quot;content_width&quot;:&quot;boxed&quot;}\" data-core-v316-plus=\"true\">\n\t\t\t\t\t<div class=\"e-con-inner\">\n\t\t\t\t<div class=\"elementor-element elementor-element-d4f601c elementor-widget elementor-widget-text-editor\" data-id=\"d4f601c\" data-element_type=\"widget\" data-widget_type=\"text-editor.default\">\n\t\t\t\t<div class=\"elementor-widget-container\">\n\t\t\t\t\t\t\t<p><strong>Fa\u00e7a a ades\u00e3o na campanha &#8220;Juntos como um&#8221;:<\/strong><\/p>\t\t\t\t\t\t<\/div>\n\t\t\t\t<\/div>\n\t\t\t\t\t<\/div>\n\t\t\t\t<\/div>\n\t\t<div class=\"elementor-element elementor-element-824b102 e-flex e-con-boxed e-con e-parent\" data-id=\"824b102\" data-element_type=\"container\" data-settings=\"{&quot;content_width&quot;:&quot;boxed&quot;}\" data-core-v316-plus=\"true\">\n\t\t\t\t\t<div class=\"e-con-inner\">\n\t\t<div class=\"elementor-element elementor-element-097dade e-con-full e-flex e-con e-child\" data-id=\"097dade\" data-element_type=\"container\" data-settings=\"{&quot;content_width&quot;:&quot;full&quot;}\">\n\t\t\t\t<div class=\"elementor-element elementor-element-57b7c3c elementor-widget elementor-widget-image\" data-id=\"57b7c3c\" data-element_type=\"widget\" data-widget_type=\"image.default\">\n\t\t\t\t<div class=\"elementor-widget-container\">\n\t\t\t\t\t\t\t\t\t\t\t\t\t\t\t<img decoding=\"async\" loading=\"lazy\" width=\"819\" height=\"1024\" src=\"https:\/\/sbeneditosalto.com.br\/wp-content\/uploads\/2023\/11\/CAPA-819x1024.png\" class=\"attachment-large size-large wp-image-1411\" alt=\"\" srcset=\"https:\/\/sbeneditosalto.com.br\/wp-content\/uploads\/2023\/11\/CAPA-819x1024.png 819w, https:\/\/sbeneditosalto.com.br\/wp-content\/uploads\/2023\/11\/CAPA-240x300.png 240w, https:\/\/sbeneditosalto.com.br\/wp-content\/uploads\/2023\/11\/CAPA-768x960.png 768w, https:\/\/sbeneditosalto.com.br\/wp-content\/uploads\/2023\/11\/CAPA-1229x1536.png 1229w, https:\/\/sbeneditosalto.com.br\/wp-content\/uploads\/2023\/11\/CAPA-1639x2048.png 1639w, https:\/\/sbeneditosalto.com.br\/wp-content\/uploads\/2023\/11\/CAPA.png 1986w\" sizes=\"(max-width: 819px) 100vw, 819px\" \/>\t\t\t\t\t\t\t\t\t\t\t\t\t\t\t<\/div>\n\t\t\t\t<\/div>\n\t\t\t\t<\/div>\n\t\t<div class=\"elementor-element elementor-element-dd314aa e-con-full e-flex e-con e-child\" data-id=\"dd314aa\" data-element_type=\"container\" data-settings=\"{&quot;content_width&quot;:&quot;full&quot;}\">\n\t\t\t\t<div class=\"elementor-element elementor-element-698cdfc elementor-widget elementor-widget-text-editor\" data-id=\"698cdfc\" data-element_type=\"widget\" data-widget_type=\"text-editor.default\">\n\t\t\t\t<div class=\"elementor-widget-container\">\n\t\t\t\t\t\t\t<p>Trata-se de a\u00e7\u00e3o solid\u00e1ria entre amigos, em prol das reformas da Par\u00f3quia S\u00e3o Benedito \u2013 Salto\/SP.<br \/>A CONTRIBUI\u00c7AO ser\u00e1 de 18 parcelas de R$ 30,00 a iniciar no m\u00eas de Janeiro de 2024 e encerrar em junho de 2025. Como retribui\u00e7\u00e3o pela contribui\u00e7\u00e3o ser\u00e3o sorteados nas datas descritas abaixo os Pr\u00eamios, no Espa\u00e7o Festivo S\u00e3o Benedito em Shows de Pr\u00eamios:<\/p>\t\t\t\t\t\t<\/div>\n\t\t\t\t<\/div>\n\t\t\t\t<div class=\"elementor-element elementor-element-20023e5 elementor-widget elementor-widget-text-editor\" data-id=\"20023e5\" data-element_type=\"widget\" data-widget_type=\"text-editor.default\">\n\t\t\t\t<div class=\"elementor-widget-container\">\n\t\t\t\t\t\t\t<p><strong>Show de Pr\u00eamios 08\/06\/2024 \u2013 Total em pr\u00eamios R$ 500,00<\/strong><br \/><strong>Show de Pr\u00eamios 05\/10\/2024 \u2013 Total em pr\u00eamios R$ 500,00<\/strong><br \/><strong>Show de Pr\u00eamios 07\/12\/2024 \u2013 1 Fog\u00e3o e 1 Geladeira<\/strong><br \/><strong>Show de Pr\u00eamios 14\/06\/2025 \u2013 Vale Viagem e Moto 0 km.<\/strong><\/p>\t\t\t\t\t\t<\/div>\n\t\t\t\t<\/div>\n\t\t\t\t<div class=\"elementor-element elementor-element-f7eb7ba elementor-widget elementor-widget-text-editor\" data-id=\"f7eb7ba\" data-element_type=\"widget\" data-widget_type=\"text-editor.default\">\n\t\t\t\t<div class=\"elementor-widget-container\">\n\t\t\t\t\t\t\t<p><strong>Fa\u00e7a sua ades\u00e3o na Secretaria Paroquial S\u00e3o Benedito<\/strong><\/p>\t\t\t\t\t\t<\/div>\n\t\t\t\t<\/div>\n\t\t\t\t<div class=\"elementor-element elementor-element-4de6639 elementor-widget elementor-widget-text-editor\" data-id=\"4de6639\" data-element_type=\"widget\" data-widget_type=\"text-editor.default\">\n\t\t\t\t<div class=\"elementor-widget-container\">\n\t\t\t\t\t\t\t<p>D\u00favidas? Entre em contato<\/p>\t\t\t\t\t\t<\/div>\n\t\t\t\t<\/div>\n\t\t\t\t<div class=\"elementor-element elementor-element-ce493d4 elementor-widget elementor-widget-text-editor\" data-id=\"ce493d4\" data-element_type=\"widget\" data-widget_type=\"text-editor.default\">\n\t\t\t\t<div class=\"elementor-widget-container\">\n\t\t\t\t\t\t\t<p><strong>(11)4029 4707<\/strong><\/p>\t\t\t\t\t\t<\/div>\n\t\t\t\t<\/div>\n\t\t\t\t<\/div>\n\t\t\t\t\t<\/div>\n\t\t\t\t<\/div>\n\t\t<div class=\"elementor-element elementor-element-9429b6f e-flex e-con-boxed e-con e-parent\" data-id=\"9429b6f\" data-element_type=\"container\" data-settings=\"{&quot;content_width&quot;:&quot;boxed&quot;}\" data-core-v316-plus=\"true\">\n\t\t\t\t\t<div class=\"e-con-inner\">\n\t\t\t\t<div class=\"elementor-element elementor-element-11e7292 elementor-widget elementor-widget-text-editor\" data-id=\"11e7292\" data-element_type=\"widget\" data-widget_type=\"text-editor.default\">\n\t\t\t\t<div class=\"elementor-widget-container\">\n\t\t\t\t\t\t\t<p><strong>Fa\u00e7a uma Doa\u00e7\u00e3o de qualquer valor:<\/strong><\/p>\t\t\t\t\t\t<\/div>\n\t\t\t\t<\/div>\n\t\t\t\t\t<\/div>\n\t\t\t\t<\/div>\n\t\t<div class=\"elementor-element elementor-element-9cef43a e-flex e-con-boxed e-con e-parent\" data-id=\"9cef43a\" data-element_type=\"container\" data-settings=\"{&quot;background_background&quot;:&quot;classic&quot;,&quot;content_width&quot;:&quot;boxed&quot;}\" data-core-v316-plus=\"true\">\n\t\t\t\t\t<div class=\"e-con-inner\">\n\t\t<div class=\"elementor-element elementor-element-55295b9 e-con-full e-flex e-con e-child\" data-id=\"55295b9\" data-element_type=\"container\" data-settings=\"{&quot;content_width&quot;:&quot;full&quot;}\">\n\t\t\t\t<div class=\"elementor-element elementor-element-a664ea9 elementor-widget elementor-widget-image\" data-id=\"a664ea9\" data-element_type=\"widget\" data-widget_type=\"image.default\">\n\t\t\t\t<div class=\"elementor-widget-container\">\n\t\t\t\t\t\t\t\t\t\t\t\t\t\t\t<img decoding=\"async\" loading=\"lazy\" width=\"819\" height=\"1024\" src=\"https:\/\/sbeneditosalto.com.br\/wp-content\/uploads\/2023\/12\/QRCODE-DOACAO-02-819x1024.png\" class=\"attachment-large size-large wp-image-1722\" alt=\"\" srcset=\"https:\/\/sbeneditosalto.com.br\/wp-content\/uploads\/2023\/12\/QRCODE-DOACAO-02-819x1024.png 819w, https:\/\/sbeneditosalto.com.br\/wp-content\/uploads\/2023\/12\/QRCODE-DOACAO-02-240x300.png 240w, https:\/\/sbeneditosalto.com.br\/wp-content\/uploads\/2023\/12\/QRCODE-DOACAO-02-768x960.png 768w, https:\/\/sbeneditosalto.com.br\/wp-content\/uploads\/2023\/12\/QRCODE-DOACAO-02.png 1080w\" sizes=\"(max-width: 819px) 100vw, 819px\" \/>\t\t\t\t\t\t\t\t\t\t\t\t\t\t\t<\/div>\n\t\t\t\t<\/div>\n\t\t\t\t<\/div>\n\t\t<div class=\"elementor-element elementor-element-3c573de e-con-full e-flex e-con e-child\" data-id=\"3c573de\" data-element_type=\"container\" data-settings=\"{&quot;content_width&quot;:&quot;full&quot;}\">\n\t\t\t\t<div class=\"elementor-element elementor-element-7fb5e2e elementor-widget elementor-widget-text-editor\" data-id=\"7fb5e2e\" data-element_type=\"widget\" data-widget_type=\"text-editor.default\">\n\t\t\t\t<div class=\"elementor-widget-container\">\n\t\t\t\t\t\t\t<p>Muito obrigado por sua colabora\u00e7\u00e3o. Pedimos por gentileza, enviar o comprovante para whatsapp abaixo:<\/p>\t\t\t\t\t\t<\/div>\n\t\t\t\t<\/div>\n\t\t\t\t<div class=\"elementor-element elementor-element-fe24bfa elementor-widget elementor-widget-text-editor\" data-id=\"fe24bfa\" data-element_type=\"widget\" data-widget_type=\"text-editor.default\">\n\t\t\t\t<div class=\"elementor-widget-container\">\n\t\t\t\t\t\t\t<p><strong><a href=\"https:\/\/wa.me\/551140294707\">(11) 4029 4707<\/a><\/strong><\/p>\t\t\t\t\t\t<\/div>\n\t\t\t\t<\/div>\n\t\t\t\t<\/div>\n\t\t\t\t\t<\/div>\n\t\t\t\t<\/div>\n\t\t\t\t\t\t\t<\/div>\n\t\t","protected":false},"excerpt":{"rendered":"<p>Maneiras de colaborar Torne-se um dizimista, \u00c9 simples basta seguir os passos abaixo: Fa\u00e7a a ades\u00e3o na campanha &#8220;Juntos como um&#8221;: Trata-se de a\u00e7\u00e3o solid\u00e1ria entre amigos, em prol das reformas da Par\u00f3quia S\u00e3o Benedito \u2013 Salto\/SP.A CONTRIBUI\u00c7AO ser\u00e1 de 18 parcelas de R$ 30,00 a iniciar no m\u00eas de Janeiro de 2024 e encerrar [&hellip;]<\/p>\n","protected":false},"author":1,"featured_media":0,"parent":0,"menu_order":0,"comment_status":"closed","ping_status":"closed","template":"","meta":{"footnotes":""},"blocksy_meta":"","yoast_head":"<!-- This site is optimized with the Yoast SEO plugin v22.4 - https:\/\/yoast.com\/wordpress\/plugins\/seo\/ -->\n<title>Colabore com a Paroquia S\u00e3o Benedito - Paroquia Sao Benedito<\/title>\n<meta name=\"robots\" content=\"index, follow, max-snippet:-1, max-image-preview:large, max-video-preview:-1\" \/>\n<link rel=\"canonical\" href=\"https:\/\/sbeneditosalto.com.br\/index.php\/colabore\/\" \/>\n<meta property=\"og:locale\" content=\"en_US\" \/>\n<meta property=\"og:type\" content=\"article\" \/>\n<meta property=\"og:title\" content=\"Colabore com a Paroquia S\u00e3o Benedito - Paroquia Sao Benedito\" \/>\n<meta property=\"og:description\" content=\"Maneiras de colaborar Torne-se um dizimista, \u00c9 simples basta seguir os passos abaixo: Fa\u00e7a a ades\u00e3o na campanha &#8220;Juntos como um&#8221;: Trata-se de a\u00e7\u00e3o solid\u00e1ria entre amigos, em prol das reformas da Par\u00f3quia S\u00e3o Benedito \u2013 Salto\/SP.A CONTRIBUI\u00c7AO ser\u00e1 de 18 parcelas de R$ 30,00 a iniciar no m\u00eas de Janeiro de 2024 e encerrar [&hellip;]\" \/>\n<meta property=\"og:url\" content=\"https:\/\/sbeneditosalto.com.br\/index.php\/colabore\/\" \/>\n<meta property=\"og:site_name\" content=\"Paroquia Sao Benedito\" \/>\n<meta property=\"article:modified_time\" content=\"2024-01-11T20:20:29+00:00\" \/>\n<meta property=\"og:image\" content=\"https:\/\/sbeneditosalto.com.br\/wp-content\/uploads\/2023\/12\/Projeto-DIZIMO-PROPAGANDA-P1-819x1024.png\" \/>\n<meta name=\"twitter:card\" content=\"summary_large_image\" \/>\n<meta name=\"twitter:label1\" content=\"Est. reading time\" \/>\n\t<meta name=\"twitter:data1\" content=\"1 minute\" \/>\n<script type=\"application\/ld+json\" class=\"yoast-schema-graph\">{\"@context\":\"https:\/\/schema.org\",\"@graph\":[{\"@type\":\"WebPage\",\"@id\":\"https:\/\/sbeneditosalto.com.br\/index.php\/colabore\/\",\"url\":\"https:\/\/sbeneditosalto.com.br\/index.php\/colabore\/\",\"name\":\"Colabore com a Paroquia S\u00e3o Benedito - Paroquia Sao Benedito\",\"isPartOf\":{\"@id\":\"https:\/\/sbeneditosalto.com.br\/#website\"},\"primaryImageOfPage\":{\"@id\":\"https:\/\/sbeneditosalto.com.br\/index.php\/colabore\/#primaryimage\"},\"image\":{\"@id\":\"https:\/\/sbeneditosalto.com.br\/index.php\/colabore\/#primaryimage\"},\"thumbnailUrl\":\"https:\/\/sbeneditosalto.com.br\/wp-content\/uploads\/2023\/12\/Projeto-DIZIMO-PROPAGANDA-P1-819x1024.png\",\"datePublished\":\"2023-12-05T18:04:14+00:00\",\"dateModified\":\"2024-01-11T20:20:29+00:00\",\"breadcrumb\":{\"@id\":\"https:\/\/sbeneditosalto.com.br\/index.php\/colabore\/#breadcrumb\"},\"inLanguage\":\"en-US\",\"potentialAction\":[{\"@type\":\"ReadAction\",\"target\":[\"https:\/\/sbeneditosalto.com.br\/index.php\/colabore\/\"]}]},{\"@type\":\"ImageObject\",\"inLanguage\":\"en-US\",\"@id\":\"https:\/\/sbeneditosalto.com.br\/index.php\/colabore\/#primaryimage\",\"url\":\"https:\/\/sbeneditosalto.com.br\/wp-content\/uploads\/2023\/12\/Projeto-DIZIMO-PROPAGANDA-P1.png\",\"contentUrl\":\"https:\/\/sbeneditosalto.com.br\/wp-content\/uploads\/2023\/12\/Projeto-DIZIMO-PROPAGANDA-P1.png\",\"width\":1080,\"height\":1350},{\"@type\":\"BreadcrumbList\",\"@id\":\"https:\/\/sbeneditosalto.com.br\/index.php\/colabore\/#breadcrumb\",\"itemListElement\":[{\"@type\":\"ListItem\",\"position\":1,\"name\":\"In\u00edcio\",\"item\":\"https:\/\/sbeneditosalto.com.br\/\"},{\"@type\":\"ListItem\",\"position\":2,\"name\":\"Colabore com a Paroquia S\u00e3o Benedito\"}]},{\"@type\":\"WebSite\",\"@id\":\"https:\/\/sbeneditosalto.com.br\/#website\",\"url\":\"https:\/\/sbeneditosalto.com.br\/\",\"name\":\"Paroquia Sao Benedito\",\"description\":\"\",\"publisher\":{\"@id\":\"https:\/\/sbeneditosalto.com.br\/#organization\"},\"potentialAction\":[{\"@type\":\"SearchAction\",\"target\":{\"@type\":\"EntryPoint\",\"urlTemplate\":\"https:\/\/sbeneditosalto.com.br\/?s={search_term_string}\"},\"query-input\":\"required name=search_term_string\"}],\"inLanguage\":\"en-US\"},{\"@type\":\"Organization\",\"@id\":\"https:\/\/sbeneditosalto.com.br\/#organization\",\"name\":\"Paroquia Sao Benedito\",\"url\":\"https:\/\/sbeneditosalto.com.br\/\",\"logo\":{\"@type\":\"ImageObject\",\"inLanguage\":\"en-US\",\"@id\":\"https:\/\/sbeneditosalto.com.br\/#\/schema\/logo\/image\/\",\"url\":\"\",\"contentUrl\":\"\",\"caption\":\"Paroquia Sao Benedito\"},\"image\":{\"@id\":\"https:\/\/sbeneditosalto.com.br\/#\/schema\/logo\/image\/\"}}]}<\/script>\n<!-- \/ Yoast SEO plugin. -->","yoast_head_json":{"title":"Colabore com a Paroquia S\u00e3o Benedito - Paroquia Sao Benedito","robots":{"index":"index","follow":"follow","max-snippet":"max-snippet:-1","max-image-preview":"max-image-preview:large","max-video-preview":"max-video-preview:-1"},"canonical":"https:\/\/sbeneditosalto.com.br\/index.php\/colabore\/","og_locale":"en_US","og_type":"article","og_title":"Colabore com a Paroquia S\u00e3o Benedito - Paroquia Sao Benedito","og_description":"Maneiras de colaborar Torne-se um dizimista, \u00c9 simples basta seguir os passos abaixo: Fa\u00e7a a ades\u00e3o na campanha &#8220;Juntos como um&#8221;: Trata-se de a\u00e7\u00e3o solid\u00e1ria entre amigos, em prol das reformas da Par\u00f3quia S\u00e3o Benedito \u2013 Salto\/SP.A CONTRIBUI\u00c7AO ser\u00e1 de 18 parcelas de R$ 30,00 a iniciar no m\u00eas de Janeiro de 2024 e encerrar [&hellip;]","og_url":"https:\/\/sbeneditosalto.com.br\/index.php\/colabore\/","og_site_name":"Paroquia Sao Benedito","article_modified_time":"2024-01-11T20:20:29+00:00","og_image":[{"url":"https:\/\/sbeneditosalto.com.br\/wp-content\/uploads\/2023\/12\/Projeto-DIZIMO-PROPAGANDA-P1-819x1024.png"}],"twitter_card":"summary_large_image","twitter_misc":{"Est. reading time":"1 minute"},"schema":{"@context":"https:\/\/schema.org","@graph":[{"@type":"WebPage","@id":"https:\/\/sbeneditosalto.com.br\/index.php\/colabore\/","url":"https:\/\/sbeneditosalto.com.br\/index.php\/colabore\/","name":"Colabore com a Paroquia S\u00e3o Benedito - Paroquia Sao Benedito","isPartOf":{"@id":"https:\/\/sbeneditosalto.com.br\/#website"},"primaryImageOfPage":{"@id":"https:\/\/sbeneditosalto.com.br\/index.php\/colabore\/#primaryimage"},"image":{"@id":"https:\/\/sbeneditosalto.com.br\/index.php\/colabore\/#primaryimage"},"thumbnailUrl":"https:\/\/sbeneditosalto.com.br\/wp-content\/uploads\/2023\/12\/Projeto-DIZIMO-PROPAGANDA-P1-819x1024.png","datePublished":"2023-12-05T18:04:14+00:00","dateModified":"2024-01-11T20:20:29+00:00","breadcrumb":{"@id":"https:\/\/sbeneditosalto.com.br\/index.php\/colabore\/#breadcrumb"},"inLanguage":"en-US","potentialAction":[{"@type":"ReadAction","target":["https:\/\/sbeneditosalto.com.br\/index.php\/colabore\/"]}]},{"@type":"ImageObject","inLanguage":"en-US","@id":"https:\/\/sbeneditosalto.com.br\/index.php\/colabore\/#primaryimage","url":"https:\/\/sbeneditosalto.com.br\/wp-content\/uploads\/2023\/12\/Projeto-DIZIMO-PROPAGANDA-P1.png","contentUrl":"https:\/\/sbeneditosalto.com.br\/wp-content\/uploads\/2023\/12\/Projeto-DIZIMO-PROPAGANDA-P1.png","width":1080,"height":1350},{"@type":"BreadcrumbList","@id":"https:\/\/sbeneditosalto.com.br\/index.php\/colabore\/#breadcrumb","itemListElement":[{"@type":"ListItem","position":1,"name":"In\u00edcio","item":"https:\/\/sbeneditosalto.com.br\/"},{"@type":"ListItem","position":2,"name":"Colabore com a Paroquia S\u00e3o Benedito"}]},{"@type":"WebSite","@id":"https:\/\/sbeneditosalto.com.br\/#website","url":"https:\/\/sbeneditosalto.com.br\/","name":"Paroquia Sao Benedito","description":"","publisher":{"@id":"https:\/\/sbeneditosalto.com.br\/#organization"},"potentialAction":[{"@type":"SearchAction","target":{"@type":"EntryPoint","urlTemplate":"https:\/\/sbeneditosalto.com.br\/?s={search_term_string}"},"query-input":"required name=search_term_string"}],"inLanguage":"en-US"},{"@type":"Organization","@id":"https:\/\/sbeneditosalto.com.br\/#organization","name":"Paroquia Sao Benedito","url":"https:\/\/sbeneditosalto.com.br\/","logo":{"@type":"ImageObject","inLanguage":"en-US","@id":"https:\/\/sbeneditosalto.com.br\/#\/schema\/logo\/image\/","url":"","contentUrl":"","caption":"Paroquia Sao Benedito"},"image":{"@id":"https:\/\/sbeneditosalto.com.br\/#\/schema\/logo\/image\/"}}]}},"_links":{"self":[{"href":"https:\/\/sbeneditosalto.com.br\/index.php\/wp-json\/wp\/v2\/pages\/1684"}],"collection":[{"href":"https:\/\/sbeneditosalto.com.br\/index.php\/wp-json\/wp\/v2\/pages"}],"about":[{"href":"https:\/\/sbeneditosalto.com.br\/index.php\/wp-json\/wp\/v2\/types\/page"}],"author":[{"embeddable":true,"href":"https:\/\/sbeneditosalto.com.br\/index.php\/wp-json\/wp\/v2\/users\/1"}],"replies":[{"embeddable":true,"href":"https:\/\/sbeneditosalto.com.br\/index.php\/wp-json\/wp\/v2\/comments?post=1684"}],"version-history":[{"count":41,"href":"https:\/\/sbeneditosalto.com.br\/index.php\/wp-json\/wp\/v2\/pages\/1684\/revisions"}],"predecessor-version":[{"id":2137,"href":"https:\/\/sbeneditosalto.com.br\/index.php\/wp-json\/wp\/v2\/pages\/1684\/revisions\/2137"}],"wp:attachment":[{"href":"https:\/\/sbeneditosalto.com.br\/index.php\/wp-json\/wp\/v2\/media?parent=1684"}],"curies":[{"name":"wp","href":"https:\/\/api.w.org\/{rel}","templated":true}]}}