{"id":1562,"date":"2023-12-04T19:30:01","date_gmt":"2023-12-04T22:30:01","guid":{"rendered":"https:\/\/sbeneditosalto.com.br\/?page_id=1562"},"modified":"2023-12-04T20:10:50","modified_gmt":"2023-12-04T23:10:50","slug":"natal-de-2022","status":"publish","type":"page","link":"https:\/\/sbeneditosalto.com.br\/index.php\/natal-de-2022\/","title":{"rendered":"Natal de 2022"},"content":{"rendered":"\t\t<div data-elementor-type=\"wp-page\" data-elementor-id=\"1562\" class=\"elementor elementor-1562\">\n\t\t\t\t\t\t\t<div class=\"elementor-element elementor-element-a540cc9 e-flex e-con-boxed e-con e-parent\" data-id=\"a540cc9\" data-element_type=\"container\" data-settings=\"{&quot;content_width&quot;:&quot;boxed&quot;}\" data-core-v316-plus=\"true\">\n\t\t\t\t\t<div class=\"e-con-inner\">\n\t\t\t\t<div class=\"elementor-element elementor-element-00a9126 elementor-widget elementor-widget-text-editor\" data-id=\"00a9126\" data-element_type=\"widget\" data-widget_type=\"text-editor.default\">\n\t\t\t\t<div class=\"elementor-widget-container\">\n\t\t\t<style>\/*! elementor - v3.16.0 - 17-10-2023 *\/\n.elementor-widget-text-editor.elementor-drop-cap-view-stacked .elementor-drop-cap{background-color:#69727d;color:#fff}.elementor-widget-text-editor.elementor-drop-cap-view-framed .elementor-drop-cap{color:#69727d;border:3px solid;background-color:transparent}.elementor-widget-text-editor:not(.elementor-drop-cap-view-default) .elementor-drop-cap{margin-top:8px}.elementor-widget-text-editor:not(.elementor-drop-cap-view-default) .elementor-drop-cap-letter{width:1em;height:1em}.elementor-widget-text-editor .elementor-drop-cap{float:left;text-align:center;line-height:1;font-size:50px}.elementor-widget-text-editor .elementor-drop-cap-letter{display:inline-block}<\/style>\t\t\t\t<p>Este foi o natal de 2022, com muita ilumina\u00e7\u00e3o, alegria e amor. Foi feita uma sele\u00e7\u00e3o de fotos para o site. mas voc\u00ea pode acessar todas as fotos e fazer download clicando no bot\u00e3o abaixo:<\/p>\t\t\t\t\t\t<\/div>\n\t\t\t\t<\/div>\n\t\t\t\t<div class=\"elementor-element elementor-element-c75c890 elementor-align-center elementor-widget elementor-widget-button\" data-id=\"c75c890\" data-element_type=\"widget\" data-widget_type=\"button.default\">\n\t\t\t\t<div class=\"elementor-widget-container\">\n\t\t\t\t\t<div class=\"elementor-button-wrapper\">\n\t\t\t<a class=\"elementor-button elementor-button-link elementor-size-sm\" href=\"#\">\n\t\t\t\t\t\t<span class=\"elementor-button-content-wrapper\">\n\t\t\t\t\t\t<span class=\"elementor-button-text\">Clique aqui e tenha acesso a todas as fotos<\/span>\n\t\t<\/span>\n\t\t\t\t\t<\/a>\n\t\t<\/div>\n\t\t\t\t<\/div>\n\t\t\t\t<\/div>\n\t\t\t\t\t<\/div>\n\t\t\t\t<\/div>\n\t\t<div class=\"elementor-element elementor-element-95096f1 e-flex e-con-boxed e-con e-parent\" data-id=\"95096f1\" data-element_type=\"container\" data-settings=\"{&quot;content_width&quot;:&quot;boxed&quot;}\" data-core-v316-plus=\"true\">\n\t\t\t\t\t<div class=\"e-con-inner\">\n\t\t\t\t<div class=\"elementor-element elementor-element-75d768b gallery-spacing-custom elementor-widget elementor-widget-image-gallery\" data-id=\"75d768b\" data-element_type=\"widget\" data-widget_type=\"image-gallery.default\">\n\t\t\t\t<div class=\"elementor-widget-container\">\n\t\t\t<style>\/*! elementor - v3.16.0 - 17-10-2023 *\/\n.elementor-image-gallery .gallery-item{display:inline-block;text-align:center;vertical-align:top;width:100%;max-width:100%;margin:0 auto}.elementor-image-gallery .gallery-item img{margin:0 auto}.elementor-image-gallery .gallery-item .gallery-caption{margin:0}.elementor-image-gallery figure img{display:block}.elementor-image-gallery figure figcaption{width:100%}.gallery-spacing-custom .elementor-image-gallery .gallery-icon{padding:0}@media (min-width:768px){.elementor-image-gallery .gallery-columns-2 .gallery-item{max-width:50%}.elementor-image-gallery .gallery-columns-3 .gallery-item{max-width:33.33%}.elementor-image-gallery .gallery-columns-4 .gallery-item{max-width:25%}.elementor-image-gallery .gallery-columns-5 .gallery-item{max-width:20%}.elementor-image-gallery .gallery-columns-6 .gallery-item{max-width:16.666%}.elementor-image-gallery .gallery-columns-7 .gallery-item{max-width:14.28%}.elementor-image-gallery .gallery-columns-8 .gallery-item{max-width:12.5%}.elementor-image-gallery .gallery-columns-9 .gallery-item{max-width:11.11%}.elementor-image-gallery .gallery-columns-10 .gallery-item{max-width:10%}}@media (min-width:480px) and (max-width:767px){.elementor-image-gallery .gallery.gallery-columns-2 .gallery-item,.elementor-image-gallery .gallery.gallery-columns-3 .gallery-item,.elementor-image-gallery .gallery.gallery-columns-4 .gallery-item,.elementor-image-gallery .gallery.gallery-columns-5 .gallery-item,.elementor-image-gallery .gallery.gallery-columns-6 .gallery-item,.elementor-image-gallery .gallery.gallery-columns-7 .gallery-item,.elementor-image-gallery .gallery.gallery-columns-8 .gallery-item,.elementor-image-gallery .gallery.gallery-columns-9 .gallery-item,.elementor-image-gallery .gallery.gallery-columns-10 .gallery-item{max-width:50%}}@media (max-width:479px){.elementor-image-gallery .gallery.gallery-columns-2 .gallery-item,.elementor-image-gallery .gallery.gallery-columns-3 .gallery-item,.elementor-image-gallery .gallery.gallery-columns-4 .gallery-item,.elementor-image-gallery .gallery.gallery-columns-5 .gallery-item,.elementor-image-gallery .gallery.gallery-columns-6 .gallery-item,.elementor-image-gallery .gallery.gallery-columns-7 .gallery-item,.elementor-image-gallery .gallery.gallery-columns-8 .gallery-item,.elementor-image-gallery .gallery.gallery-columns-9 .gallery-item,.elementor-image-gallery .gallery.gallery-columns-10 .gallery-item{max-width:100%}}<\/style>\t\t<div class=\"elementor-image-gallery\">\n\t\t\t<div id='gallery-1' class='gallery galleryid-1562 gallery-columns-4 gallery-size-medium'><figure class='gallery-item'>\n\t\t\t<div class='gallery-icon landscape'>\n\t\t\t\t<a data-elementor-open-lightbox=\"yes\" data-elementor-lightbox-slideshow=\"75d768b\" data-elementor-lightbox-title=\"Imagem-do-WhatsApp-de-2022-12-02-as-07.07.05\" data-e-action-hash=\"#elementor-action%3Aaction%3Dlightbox%26settings%3DeyJpZCI6MTUwOCwidXJsIjoiaHR0cHM6XC9cL3NiZW5lZGl0b3NhbHRvLmNvbS5iclwvd3AtY29udGVudFwvdXBsb2Fkc1wvMjAyM1wvMTJcL0ltYWdlbS1kby1XaGF0c0FwcC1kZS0yMDIyLTEyLTAyLWFzLTA3LjA3LjA1LmpwZyIsInNsaWRlc2hvdyI6Ijc1ZDc2OGIifQ%3D%3D\" href='https:\/\/sbeneditosalto.com.br\/wp-content\/uploads\/2023\/12\/Imagem-do-WhatsApp-de-2022-12-02-as-07.07.05.jpg'><img width=\"300\" height=\"225\" src=\"https:\/\/sbeneditosalto.com.br\/wp-content\/uploads\/2023\/12\/Imagem-do-WhatsApp-de-2022-12-02-as-07.07.05-300x225.jpg\" class=\"attachment-medium size-medium\" alt=\"\" decoding=\"async\" aria-describedby=\"gallery-1-1508\" loading=\"lazy\" srcset=\"https:\/\/sbeneditosalto.com.br\/wp-content\/uploads\/2023\/12\/Imagem-do-WhatsApp-de-2022-12-02-as-07.07.05-300x225.jpg 300w, https:\/\/sbeneditosalto.com.br\/wp-content\/uploads\/2023\/12\/Imagem-do-WhatsApp-de-2022-12-02-as-07.07.05-768x576.jpg 768w, https:\/\/sbeneditosalto.com.br\/wp-content\/uploads\/2023\/12\/Imagem-do-WhatsApp-de-2022-12-02-as-07.07.05.jpg 1024w\" sizes=\"(max-width: 300px) 100vw, 300px\" \/><\/a>\n\t\t\t<\/div>\n\t\t\t\t<figcaption class='wp-caption-text gallery-caption' id='gallery-1-1508'>\n\t\t\t\t01\n\t\t\t\t<\/figcaption><\/figure><figure class='gallery-item'>\n\t\t\t<div class='gallery-icon landscape'>\n\t\t\t\t<a data-elementor-open-lightbox=\"yes\" data-elementor-lightbox-slideshow=\"75d768b\" data-elementor-lightbox-title=\"Imagem-do-WhatsApp-de-2022-12-12-as-19.13.40-2\" data-e-action-hash=\"#elementor-action%3Aaction%3Dlightbox%26settings%3DeyJpZCI6MTUwNywidXJsIjoiaHR0cHM6XC9cL3NiZW5lZGl0b3NhbHRvLmNvbS5iclwvd3AtY29udGVudFwvdXBsb2Fkc1wvMjAyM1wvMTJcL0ltYWdlbS1kby1XaGF0c0FwcC1kZS0yMDIyLTEyLTEyLWFzLTE5LjEzLjQwLTIuanBnIiwic2xpZGVzaG93IjoiNzVkNzY4YiJ9\" href='https:\/\/sbeneditosalto.com.br\/wp-content\/uploads\/2023\/12\/Imagem-do-WhatsApp-de-2022-12-12-as-19.13.40-2.jpg'><img width=\"300\" height=\"225\" src=\"https:\/\/sbeneditosalto.com.br\/wp-content\/uploads\/2023\/12\/Imagem-do-WhatsApp-de-2022-12-12-as-19.13.40-2-300x225.jpg\" class=\"attachment-medium size-medium\" alt=\"\" decoding=\"async\" aria-describedby=\"gallery-1-1507\" loading=\"lazy\" srcset=\"https:\/\/sbeneditosalto.com.br\/wp-content\/uploads\/2023\/12\/Imagem-do-WhatsApp-de-2022-12-12-as-19.13.40-2-300x225.jpg 300w, https:\/\/sbeneditosalto.com.br\/wp-content\/uploads\/2023\/12\/Imagem-do-WhatsApp-de-2022-12-12-as-19.13.40-2-768x576.jpg 768w, https:\/\/sbeneditosalto.com.br\/wp-content\/uploads\/2023\/12\/Imagem-do-WhatsApp-de-2022-12-12-as-19.13.40-2.jpg 1024w\" sizes=\"(max-width: 300px) 100vw, 300px\" \/><\/a>\n\t\t\t<\/div>\n\t\t\t\t<figcaption class='wp-caption-text gallery-caption' id='gallery-1-1507'>\n\t\t\t\t02\n\t\t\t\t<\/figcaption><\/figure><figure class='gallery-item'>\n\t\t\t<div class='gallery-icon portrait'>\n\t\t\t\t<a data-elementor-open-lightbox=\"yes\" data-elementor-lightbox-slideshow=\"75d768b\" data-elementor-lightbox-title=\"Imagem-do-WhatsApp-de-2022-12-12-as-19.13.40-4\" data-e-action-hash=\"#elementor-action%3Aaction%3Dlightbox%26settings%3DeyJpZCI6MTUwNiwidXJsIjoiaHR0cHM6XC9cL3NiZW5lZGl0b3NhbHRvLmNvbS5iclwvd3AtY29udGVudFwvdXBsb2Fkc1wvMjAyM1wvMTJcL0ltYWdlbS1kby1XaGF0c0FwcC1kZS0yMDIyLTEyLTEyLWFzLTE5LjEzLjQwLTQuanBnIiwic2xpZGVzaG93IjoiNzVkNzY4YiJ9\" href='https:\/\/sbeneditosalto.com.br\/wp-content\/uploads\/2023\/12\/Imagem-do-WhatsApp-de-2022-12-12-as-19.13.40-4.jpg'><img width=\"225\" height=\"300\" src=\"https:\/\/sbeneditosalto.com.br\/wp-content\/uploads\/2023\/12\/Imagem-do-WhatsApp-de-2022-12-12-as-19.13.40-4-225x300.jpg\" class=\"attachment-medium size-medium\" alt=\"\" decoding=\"async\" aria-describedby=\"gallery-1-1506\" loading=\"lazy\" srcset=\"https:\/\/sbeneditosalto.com.br\/wp-content\/uploads\/2023\/12\/Imagem-do-WhatsApp-de-2022-12-12-as-19.13.40-4-225x300.jpg 225w, https:\/\/sbeneditosalto.com.br\/wp-content\/uploads\/2023\/12\/Imagem-do-WhatsApp-de-2022-12-12-as-19.13.40-4.jpg 768w\" sizes=\"(max-width: 225px) 100vw, 225px\" \/><\/a>\n\t\t\t<\/div>\n\t\t\t\t<figcaption class='wp-caption-text gallery-caption' id='gallery-1-1506'>\n\t\t\t\t03\n\t\t\t\t<\/figcaption><\/figure><figure class='gallery-item'>\n\t\t\t<div class='gallery-icon landscape'>\n\t\t\t\t<a data-elementor-open-lightbox=\"yes\" data-elementor-lightbox-slideshow=\"75d768b\" data-elementor-lightbox-title=\"Imagem-do-WhatsApp-de-2022-12-12-as-19.13.40-3\" data-e-action-hash=\"#elementor-action%3Aaction%3Dlightbox%26settings%3DeyJpZCI6MTUwNSwidXJsIjoiaHR0cHM6XC9cL3NiZW5lZGl0b3NhbHRvLmNvbS5iclwvd3AtY29udGVudFwvdXBsb2Fkc1wvMjAyM1wvMTJcL0ltYWdlbS1kby1XaGF0c0FwcC1kZS0yMDIyLTEyLTEyLWFzLTE5LjEzLjQwLTMuanBnIiwic2xpZGVzaG93IjoiNzVkNzY4YiJ9\" href='https:\/\/sbeneditosalto.com.br\/wp-content\/uploads\/2023\/12\/Imagem-do-WhatsApp-de-2022-12-12-as-19.13.40-3.jpg'><img width=\"300\" height=\"225\" src=\"https:\/\/sbeneditosalto.com.br\/wp-content\/uploads\/2023\/12\/Imagem-do-WhatsApp-de-2022-12-12-as-19.13.40-3-300x225.jpg\" class=\"attachment-medium size-medium\" alt=\"\" decoding=\"async\" aria-describedby=\"gallery-1-1505\" loading=\"lazy\" srcset=\"https:\/\/sbeneditosalto.com.br\/wp-content\/uploads\/2023\/12\/Imagem-do-WhatsApp-de-2022-12-12-as-19.13.40-3-300x225.jpg 300w, https:\/\/sbeneditosalto.com.br\/wp-content\/uploads\/2023\/12\/Imagem-do-WhatsApp-de-2022-12-12-as-19.13.40-3-768x576.jpg 768w, https:\/\/sbeneditosalto.com.br\/wp-content\/uploads\/2023\/12\/Imagem-do-WhatsApp-de-2022-12-12-as-19.13.40-3.jpg 1024w\" sizes=\"(max-width: 300px) 100vw, 300px\" \/><\/a>\n\t\t\t<\/div>\n\t\t\t\t<figcaption class='wp-caption-text gallery-caption' id='gallery-1-1505'>\n\t\t\t\t04\n\t\t\t\t<\/figcaption><\/figure><figure class='gallery-item'>\n\t\t\t<div class='gallery-icon landscape'>\n\t\t\t\t<a data-elementor-open-lightbox=\"yes\" data-elementor-lightbox-slideshow=\"75d768b\" data-elementor-lightbox-title=\"Imagem-do-WhatsApp-de-2022-12-02-as-07.07.05-2\" data-e-action-hash=\"#elementor-action%3Aaction%3Dlightbox%26settings%3DeyJpZCI6MTUwNCwidXJsIjoiaHR0cHM6XC9cL3NiZW5lZGl0b3NhbHRvLmNvbS5iclwvd3AtY29udGVudFwvdXBsb2Fkc1wvMjAyM1wvMTJcL0ltYWdlbS1kby1XaGF0c0FwcC1kZS0yMDIyLTEyLTAyLWFzLTA3LjA3LjA1LTIuanBnIiwic2xpZGVzaG93IjoiNzVkNzY4YiJ9\" href='https:\/\/sbeneditosalto.com.br\/wp-content\/uploads\/2023\/12\/Imagem-do-WhatsApp-de-2022-12-02-as-07.07.05-2.jpg'><img width=\"300\" height=\"225\" src=\"https:\/\/sbeneditosalto.com.br\/wp-content\/uploads\/2023\/12\/Imagem-do-WhatsApp-de-2022-12-02-as-07.07.05-2-300x225.jpg\" class=\"attachment-medium size-medium\" alt=\"\" decoding=\"async\" aria-describedby=\"gallery-1-1504\" loading=\"lazy\" srcset=\"https:\/\/sbeneditosalto.com.br\/wp-content\/uploads\/2023\/12\/Imagem-do-WhatsApp-de-2022-12-02-as-07.07.05-2-300x225.jpg 300w, https:\/\/sbeneditosalto.com.br\/wp-content\/uploads\/2023\/12\/Imagem-do-WhatsApp-de-2022-12-02-as-07.07.05-2-768x576.jpg 768w, https:\/\/sbeneditosalto.com.br\/wp-content\/uploads\/2023\/12\/Imagem-do-WhatsApp-de-2022-12-02-as-07.07.05-2.jpg 1024w\" sizes=\"(max-width: 300px) 100vw, 300px\" \/><\/a>\n\t\t\t<\/div>\n\t\t\t\t<figcaption class='wp-caption-text gallery-caption' id='gallery-1-1504'>\n\t\t\t\t05\n\t\t\t\t<\/figcaption><\/figure><figure class='gallery-item'>\n\t\t\t<div class='gallery-icon portrait'>\n\t\t\t\t<a data-elementor-open-lightbox=\"yes\" data-elementor-lightbox-slideshow=\"75d768b\" data-elementor-lightbox-title=\"Imagem-do-WhatsApp-de-2022-12-12-as-19.13.40\" data-e-action-hash=\"#elementor-action%3Aaction%3Dlightbox%26settings%3DeyJpZCI6MTUwOSwidXJsIjoiaHR0cHM6XC9cL3NiZW5lZGl0b3NhbHRvLmNvbS5iclwvd3AtY29udGVudFwvdXBsb2Fkc1wvMjAyM1wvMTJcL0ltYWdlbS1kby1XaGF0c0FwcC1kZS0yMDIyLTEyLTEyLWFzLTE5LjEzLjQwLmpwZyIsInNsaWRlc2hvdyI6Ijc1ZDc2OGIifQ%3D%3D\" href='https:\/\/sbeneditosalto.com.br\/wp-content\/uploads\/2023\/12\/Imagem-do-WhatsApp-de-2022-12-12-as-19.13.40.jpg'><img width=\"225\" height=\"300\" src=\"https:\/\/sbeneditosalto.com.br\/wp-content\/uploads\/2023\/12\/Imagem-do-WhatsApp-de-2022-12-12-as-19.13.40-225x300.jpg\" class=\"attachment-medium size-medium\" alt=\"\" decoding=\"async\" aria-describedby=\"gallery-1-1509\" loading=\"lazy\" srcset=\"https:\/\/sbeneditosalto.com.br\/wp-content\/uploads\/2023\/12\/Imagem-do-WhatsApp-de-2022-12-12-as-19.13.40-225x300.jpg 225w, https:\/\/sbeneditosalto.com.br\/wp-content\/uploads\/2023\/12\/Imagem-do-WhatsApp-de-2022-12-12-as-19.13.40.jpg 768w\" sizes=\"(max-width: 225px) 100vw, 225px\" \/><\/a>\n\t\t\t<\/div>\n\t\t\t\t<figcaption class='wp-caption-text gallery-caption' id='gallery-1-1509'>\n\t\t\t\t06\n\t\t\t\t<\/figcaption><\/figure>\n\t\t<\/div>\n\t\t<\/div>\n\t\t\t\t<\/div>\n\t\t\t\t<\/div>\n\t\t\t\t\t<\/div>\n\t\t\t\t<\/div>\n\t\t\t\t\t\t\t<\/div>\n\t\t","protected":false},"excerpt":{"rendered":"<p>Este foi o natal de 2022, com muita ilumina\u00e7\u00e3o, alegria e amor. Foi feita uma sele\u00e7\u00e3o de fotos para o site. mas voc\u00ea pode acessar todas as fotos e fazer download clicando no bot\u00e3o abaixo: Clique aqui e tenha acesso a todas as fotos 01 02 03 04 05 06<\/p>\n","protected":false},"author":1,"featured_media":0,"parent":0,"menu_order":0,"comment_status":"closed","ping_status":"closed","template":"","meta":{"footnotes":""},"blocksy_meta":"","yoast_head":"<!-- This site is optimized with the Yoast SEO plugin v22.4 - https:\/\/yoast.com\/wordpress\/plugins\/seo\/ -->\n<title>Natal de 2022 - Paroquia Sao Benedito<\/title>\n<meta name=\"robots\" content=\"index, follow, max-snippet:-1, max-image-preview:large, max-video-preview:-1\" \/>\n<link rel=\"canonical\" href=\"https:\/\/sbeneditosalto.com.br\/index.php\/natal-de-2022\/\" \/>\n<meta property=\"og:locale\" content=\"en_US\" \/>\n<meta property=\"og:type\" content=\"article\" \/>\n<meta property=\"og:title\" content=\"Natal de 2022 - Paroquia Sao Benedito\" \/>\n<meta property=\"og:description\" content=\"Este foi o natal de 2022, com muita ilumina\u00e7\u00e3o, alegria e amor. Foi feita uma sele\u00e7\u00e3o de fotos para o site. mas voc\u00ea pode acessar todas as fotos e fazer download clicando no bot\u00e3o abaixo: Clique aqui e tenha acesso a todas as fotos 01 02 03 04 05 06\" \/>\n<meta property=\"og:url\" content=\"https:\/\/sbeneditosalto.com.br\/index.php\/natal-de-2022\/\" \/>\n<meta property=\"og:site_name\" content=\"Paroquia Sao Benedito\" \/>\n<meta property=\"article:modified_time\" content=\"2023-12-04T23:10:50+00:00\" \/>\n<meta property=\"og:image\" content=\"https:\/\/sbeneditosalto.com.br\/wp-content\/uploads\/2023\/12\/Imagem-do-WhatsApp-de-2022-12-02-as-07.07.05-300x225.jpg\" \/>\n<meta name=\"twitter:card\" content=\"summary_large_image\" \/>\n<script type=\"application\/ld+json\" class=\"yoast-schema-graph\">{\"@context\":\"https:\/\/schema.org\",\"@graph\":[{\"@type\":\"WebPage\",\"@id\":\"https:\/\/sbeneditosalto.com.br\/index.php\/natal-de-2022\/\",\"url\":\"https:\/\/sbeneditosalto.com.br\/index.php\/natal-de-2022\/\",\"name\":\"Natal de 2022 - Paroquia Sao Benedito\",\"isPartOf\":{\"@id\":\"https:\/\/sbeneditosalto.com.br\/#website\"},\"primaryImageOfPage\":{\"@id\":\"https:\/\/sbeneditosalto.com.br\/index.php\/natal-de-2022\/#primaryimage\"},\"image\":{\"@id\":\"https:\/\/sbeneditosalto.com.br\/index.php\/natal-de-2022\/#primaryimage\"},\"thumbnailUrl\":\"https:\/\/sbeneditosalto.com.br\/wp-content\/uploads\/2023\/12\/Imagem-do-WhatsApp-de-2022-12-02-as-07.07.05-300x225.jpg\",\"datePublished\":\"2023-12-04T22:30:01+00:00\",\"dateModified\":\"2023-12-04T23:10:50+00:00\",\"breadcrumb\":{\"@id\":\"https:\/\/sbeneditosalto.com.br\/index.php\/natal-de-2022\/#breadcrumb\"},\"inLanguage\":\"en-US\",\"potentialAction\":[{\"@type\":\"ReadAction\",\"target\":[\"https:\/\/sbeneditosalto.com.br\/index.php\/natal-de-2022\/\"]}]},{\"@type\":\"ImageObject\",\"inLanguage\":\"en-US\",\"@id\":\"https:\/\/sbeneditosalto.com.br\/index.php\/natal-de-2022\/#primaryimage\",\"url\":\"https:\/\/sbeneditosalto.com.br\/wp-content\/uploads\/2023\/12\/Imagem-do-WhatsApp-de-2022-12-02-as-07.07.05.jpg\",\"contentUrl\":\"https:\/\/sbeneditosalto.com.br\/wp-content\/uploads\/2023\/12\/Imagem-do-WhatsApp-de-2022-12-02-as-07.07.05.jpg\",\"width\":1024,\"height\":768,\"caption\":\"01\"},{\"@type\":\"BreadcrumbList\",\"@id\":\"https:\/\/sbeneditosalto.com.br\/index.php\/natal-de-2022\/#breadcrumb\",\"itemListElement\":[{\"@type\":\"ListItem\",\"position\":1,\"name\":\"In\u00edcio\",\"item\":\"https:\/\/sbeneditosalto.com.br\/\"},{\"@type\":\"ListItem\",\"position\":2,\"name\":\"Natal de 2022\"}]},{\"@type\":\"WebSite\",\"@id\":\"https:\/\/sbeneditosalto.com.br\/#website\",\"url\":\"https:\/\/sbeneditosalto.com.br\/\",\"name\":\"Paroquia Sao Benedito\",\"description\":\"\",\"publisher\":{\"@id\":\"https:\/\/sbeneditosalto.com.br\/#organization\"},\"potentialAction\":[{\"@type\":\"SearchAction\",\"target\":{\"@type\":\"EntryPoint\",\"urlTemplate\":\"https:\/\/sbeneditosalto.com.br\/?s={search_term_string}\"},\"query-input\":\"required name=search_term_string\"}],\"inLanguage\":\"en-US\"},{\"@type\":\"Organization\",\"@id\":\"https:\/\/sbeneditosalto.com.br\/#organization\",\"name\":\"Paroquia Sao Benedito\",\"url\":\"https:\/\/sbeneditosalto.com.br\/\",\"logo\":{\"@type\":\"ImageObject\",\"inLanguage\":\"en-US\",\"@id\":\"https:\/\/sbeneditosalto.com.br\/#\/schema\/logo\/image\/\",\"url\":\"\",\"contentUrl\":\"\",\"caption\":\"Paroquia Sao Benedito\"},\"image\":{\"@id\":\"https:\/\/sbeneditosalto.com.br\/#\/schema\/logo\/image\/\"}}]}<\/script>\n<!-- \/ Yoast SEO plugin. -->","yoast_head_json":{"title":"Natal de 2022 - Paroquia Sao Benedito","robots":{"index":"index","follow":"follow","max-snippet":"max-snippet:-1","max-image-preview":"max-image-preview:large","max-video-preview":"max-video-preview:-1"},"canonical":"https:\/\/sbeneditosalto.com.br\/index.php\/natal-de-2022\/","og_locale":"en_US","og_type":"article","og_title":"Natal de 2022 - Paroquia Sao Benedito","og_description":"Este foi o natal de 2022, com muita ilumina\u00e7\u00e3o, alegria e amor. Foi feita uma sele\u00e7\u00e3o de fotos para o site. mas voc\u00ea pode acessar todas as fotos e fazer download clicando no bot\u00e3o abaixo: Clique aqui e tenha acesso a todas as fotos 01 02 03 04 05 06","og_url":"https:\/\/sbeneditosalto.com.br\/index.php\/natal-de-2022\/","og_site_name":"Paroquia Sao Benedito","article_modified_time":"2023-12-04T23:10:50+00:00","og_image":[{"url":"https:\/\/sbeneditosalto.com.br\/wp-content\/uploads\/2023\/12\/Imagem-do-WhatsApp-de-2022-12-02-as-07.07.05-300x225.jpg"}],"twitter_card":"summary_large_image","schema":{"@context":"https:\/\/schema.org","@graph":[{"@type":"WebPage","@id":"https:\/\/sbeneditosalto.com.br\/index.php\/natal-de-2022\/","url":"https:\/\/sbeneditosalto.com.br\/index.php\/natal-de-2022\/","name":"Natal de 2022 - Paroquia Sao Benedito","isPartOf":{"@id":"https:\/\/sbeneditosalto.com.br\/#website"},"primaryImageOfPage":{"@id":"https:\/\/sbeneditosalto.com.br\/index.php\/natal-de-2022\/#primaryimage"},"image":{"@id":"https:\/\/sbeneditosalto.com.br\/index.php\/natal-de-2022\/#primaryimage"},"thumbnailUrl":"https:\/\/sbeneditosalto.com.br\/wp-content\/uploads\/2023\/12\/Imagem-do-WhatsApp-de-2022-12-02-as-07.07.05-300x225.jpg","datePublished":"2023-12-04T22:30:01+00:00","dateModified":"2023-12-04T23:10:50+00:00","breadcrumb":{"@id":"https:\/\/sbeneditosalto.com.br\/index.php\/natal-de-2022\/#breadcrumb"},"inLanguage":"en-US","potentialAction":[{"@type":"ReadAction","target":["https:\/\/sbeneditosalto.com.br\/index.php\/natal-de-2022\/"]}]},{"@type":"ImageObject","inLanguage":"en-US","@id":"https:\/\/sbeneditosalto.com.br\/index.php\/natal-de-2022\/#primaryimage","url":"https:\/\/sbeneditosalto.com.br\/wp-content\/uploads\/2023\/12\/Imagem-do-WhatsApp-de-2022-12-02-as-07.07.05.jpg","contentUrl":"https:\/\/sbeneditosalto.com.br\/wp-content\/uploads\/2023\/12\/Imagem-do-WhatsApp-de-2022-12-02-as-07.07.05.jpg","width":1024,"height":768,"caption":"01"},{"@type":"BreadcrumbList","@id":"https:\/\/sbeneditosalto.com.br\/index.php\/natal-de-2022\/#breadcrumb","itemListElement":[{"@type":"ListItem","position":1,"name":"In\u00edcio","item":"https:\/\/sbeneditosalto.com.br\/"},{"@type":"ListItem","position":2,"name":"Natal de 2022"}]},{"@type":"WebSite","@id":"https:\/\/sbeneditosalto.com.br\/#website","url":"https:\/\/sbeneditosalto.com.br\/","name":"Paroquia Sao Benedito","description":"","publisher":{"@id":"https:\/\/sbeneditosalto.com.br\/#organization"},"potentialAction":[{"@type":"SearchAction","target":{"@type":"EntryPoint","urlTemplate":"https:\/\/sbeneditosalto.com.br\/?s={search_term_string}"},"query-input":"required name=search_term_string"}],"inLanguage":"en-US"},{"@type":"Organization","@id":"https:\/\/sbeneditosalto.com.br\/#organization","name":"Paroquia Sao Benedito","url":"https:\/\/sbeneditosalto.com.br\/","logo":{"@type":"ImageObject","inLanguage":"en-US","@id":"https:\/\/sbeneditosalto.com.br\/#\/schema\/logo\/image\/","url":"","contentUrl":"","caption":"Paroquia Sao Benedito"},"image":{"@id":"https:\/\/sbeneditosalto.com.br\/#\/schema\/logo\/image\/"}}]}},"_links":{"self":[{"href":"https:\/\/sbeneditosalto.com.br\/index.php\/wp-json\/wp\/v2\/pages\/1562"}],"collection":[{"href":"https:\/\/sbeneditosalto.com.br\/index.php\/wp-json\/wp\/v2\/pages"}],"about":[{"href":"https:\/\/sbeneditosalto.com.br\/index.php\/wp-json\/wp\/v2\/types\/page"}],"author":[{"embeddable":true,"href":"https:\/\/sbeneditosalto.com.br\/index.php\/wp-json\/wp\/v2\/users\/1"}],"replies":[{"embeddable":true,"href":"https:\/\/sbeneditosalto.com.br\/index.php\/wp-json\/wp\/v2\/comments?post=1562"}],"version-history":[{"count":10,"href":"https:\/\/sbeneditosalto.com.br\/index.php\/wp-json\/wp\/v2\/pages\/1562\/revisions"}],"predecessor-version":[{"id":1576,"href":"https:\/\/sbeneditosalto.com.br\/index.php\/wp-json\/wp\/v2\/pages\/1562\/revisions\/1576"}],"wp:attachment":[{"href":"https:\/\/sbeneditosalto.com.br\/index.php\/wp-json\/wp\/v2\/media?parent=1562"}],"curies":[{"name":"wp","href":"https:\/\/api.w.org\/{rel}","templated":true}]}}